{"id":32,"date":"2026-04-12T09:21:29","date_gmt":"2026-04-12T07:21:29","guid":{"rendered":"https:\/\/praxismueller.de\/?page_id=32"},"modified":"2026-04-12T09:27:17","modified_gmt":"2026-04-12T07:27:17","slug":"qualifikationen","status":"publish","type":"page","link":"https:\/\/praxismueller.de\/qualifikationen\/","title":{"rendered":"Qualifikationen"},"content":{"rendered":"\n<p><strong>Bezirks\u00e4rztekammer S\u00fcdw\u00fcrttemberg<\/strong>:<\/p>\n\n\n\n<ul class=\"wp-block-list\">\n<li>Facharzt f\u00fcr Frauenheilkunde und Geburtshilfe<\/li>\n\n\n\n<li>Fakultative Weiterbildung Spezielle Geburtshilfe und Perinatalmedizin<\/li>\n\n\n\n<li>Fachkunde Sonografie der Gef\u00e4sse des Fetus<\/li>\n\n\n\n<li>Fachkunde Sonografie der Gef\u00e4sse des weiblichen Genitalsystems<\/li>\n\n\n\n<li>Fachkunde Sonografie der Brustdr\u00fcse<\/li>\n\n\n\n<li>Zusatzbezeichnung Psychotherapie<\/li>\n<\/ul>\n\n\n\n<p><strong>Kassen\u00e4rztliche Vereinigung Baden-W\u00fcrttemberg (KVBW)<\/strong>:<\/p>\n\n\n\n<ul class=\"wp-block-list\">\n<li>Mitglied der Qualit\u00e4tssicherungskommission Ultraschall Baden W\u00fcrttemberg<\/li>\n\n\n\n<li>Vorsitzender der Qualit\u00e4tssicherungskommission Ultraschall der Bezirksdirektion Reutlingen<\/li>\n<\/ul>\n\n\n\n<p><strong>Deutsche Gesellschaft f\u00fcr Ultraschall in der Medizin (DEGUM)<\/strong>:<\/p>\n\n\n\n<ul class=\"wp-block-list\">\n<li>Seit 2002 DEGUM Stufe II<\/li>\n<\/ul>\n\n\n\n<p><strong>Mitgliedschaften<\/strong>:<\/p>\n\n\n\n<ul class=\"wp-block-list\">\n<li>Deutsche Gesellschaft f\u00fcr Ultraschall in der Medizin (DEGUM)<\/li>\n\n\n\n<li>International Society of Ultrasound in Obstetrics and Gynecology (ISUOG)<\/li>\n\n\n\n<li>Deutsche Gesellschaft f\u00fcr Psychosomatische Frauenheilkunde und Geburtshilfe (DGPFG)<\/li>\n\n\n\n<li>Deutsche Gesellschaft f\u00fcr Gyn\u00e4kologie und Geburtshilfe (DGGG)<\/li>\n\n\n\n<li>Berufsverband der Frauen\u00e4rzte (BVF)<\/li>\n\n\n\n<li>\u00c4rztenetz Reutlingen (\u00c4R)<\/li>\n\n\n\n<li>Deutsche Gesellschaft f\u00fcr Wehrmedizin und Wehrpharmazie (DGWMP)<\/li>\n<\/ul>\n","protected":false},"excerpt":{"rendered":"<p>Bezirks\u00e4rztekammer S\u00fcdw\u00fcrttemberg: Kassen\u00e4rztliche Vereinigung Baden-W\u00fcrttemberg (KVBW): Deutsche Gesellschaft f\u00fcr Ultraschall in der Medizin (DEGUM): Mitgliedschaften:<\/p>\n","protected":false},"author":1,"featured_media":0,"parent":0,"menu_order":0,"comment_status":"closed","ping_status":"closed","template":"","meta":{"_coblocks_attr":"","_coblocks_dimensions":"","_coblocks_responsive_height":"","_coblocks_accordion_ie_support":"","footnotes":""},"class_list":["post-32","page","type-page","status-publish","hentry","entry"],"_links":{"self":[{"href":"https:\/\/praxismueller.de\/wp-json\/wp\/v2\/pages\/32","targetHints":{"allow":["GET"]}}],"collection":[{"href":"https:\/\/praxismueller.de\/wp-json\/wp\/v2\/pages"}],"about":[{"href":"https:\/\/praxismueller.de\/wp-json\/wp\/v2\/types\/page"}],"author":[{"embeddable":true,"href":"https:\/\/praxismueller.de\/wp-json\/wp\/v2\/users\/1"}],"replies":[{"embeddable":true,"href":"https:\/\/praxismueller.de\/wp-json\/wp\/v2\/comments?post=32"}],"version-history":[{"count":2,"href":"https:\/\/praxismueller.de\/wp-json\/wp\/v2\/pages\/32\/revisions"}],"predecessor-version":[{"id":47,"href":"https:\/\/praxismueller.de\/wp-json\/wp\/v2\/pages\/32\/revisions\/47"}],"wp:attachment":[{"href":"https:\/\/praxismueller.de\/wp-json\/wp\/v2\/media?parent=32"}],"curies":[{"name":"wp","href":"https:\/\/api.w.org\/{rel}","templated":true}]}}